{"id":8,"date":"2026-02-05T17:20:45","date_gmt":"2026-02-05T17:20:45","guid":{"rendered":"http:\/\/serelina.fr\/?page_id=8"},"modified":"2026-02-05T17:20:45","modified_gmt":"2026-02-05T17:20:45","slug":"bienvenue-chez-serelina","status":"publish","type":"page","link":"https:\/\/serelina.fr\/","title":{"rendered":"Bienvenue chez Serelina"},"content":{"rendered":"\n<div class=\"wp-block-group alignfull has-global-padding is-layout-constrained wp-container-core-group-is-layout-0c9c989a wp-block-group-is-layout-constrained\" style=\"min-height:0vh;margin-top:0;margin-bottom:0;padding-top:var(--wp--preset--spacing--70);padding-right:var(--wp--preset--spacing--40);padding-bottom:var(--wp--preset--spacing--70);padding-left:var(--wp--preset--spacing--40)\">\n<div class=\"wp-block-group has-global-padding is-layout-constrained wp-container-core-group-is-layout-346627ba wp-block-group-is-layout-constrained\">\n<h2 class=\"wp-block-heading has-text-align-center has-large-font-size\" style=\"margin-right:0;margin-left:0;padding-right:0;padding-left:0\">Serelina &#8211; bien-\u00eatre<\/h2>\n\n\n\n<p class=\"has-text-align-center\">Moments de bien-\u00eatre pour tous \ud83c\udf3f<br>B\u00e9b\u00e9s, enfants, adolescents, adultes et seniors peuvent s\u2019accorder un instant rien que pour eux.<br>Offrez-vous une pause douce et relaxante, avec des caresses apaisantes et des accessoires de d\u00e9tente.<\/p>\n<\/div>\n<\/div>\n\n\n\n<div class=\"wp-block-group alignfull is-style-section-1 has-global-padding is-layout-constrained wp-block-group-is-layout-constrained is-style-section-1--1\" style=\"margin-top:0;margin-bottom:0;padding-top:var(--wp--preset--spacing--80);padding-bottom:var(--wp--preset--spacing--80)\">\n<div class=\"wp-block-columns alignwide is-layout-flex wp-container-core-columns-is-layout-66fad18a wp-block-columns-is-layout-flex\">\n<div class=\"wp-block-column is-layout-flow wp-block-column-is-layout-flow\" style=\"padding-right:var(--wp--preset--spacing--50);flex-basis:45%\">\n<figure class=\"wp-block-image size-full\"><img decoding=\"async\" src=\"https:\/\/serelina.fr\/wp-content\/uploads\/2026\/02\/stephen-olmo-YBfzGCJjLuI-unsplash-2.jpg\" alt=\"\" class=\"wp-image-11\" style=\"aspect-ratio:1;object-fit:cover\"\/><\/figure>\n\n\n\n<div class=\"wp-block-group has-global-padding is-layout-constrained wp-block-group-is-layout-constrained\" style=\"margin-top:-12vw\"><\/div>\n<\/div>\n\n\n\n<div class=\"wp-block-column is-vertically-aligned-center is-layout-flow wp-block-column-is-layout-flow\" style=\"padding-right:0;padding-left:0;flex-basis:50%\">\n<div class=\"wp-block-group is-vertical is-layout-flex wp-container-core-group-is-layout-fe9cc265 wp-block-group-is-layout-flex\">\n<h2 class=\"wp-block-heading is-style-text-annotation is-style-text-annotation--2\">Qui suis-je ?<\/h2>\n<\/div>\n\n\n\n<p class=\"is-style-text-subtitle is-style-text-subtitle--3\">\ud83c\udf3f Je m&rsquo;appelle Micha\u00eblla Barcelo et je suis la fondatrice de Serelina. En tant que praticienne du bien-\u00eatre, je propose des moments de calme et de d\u00e9tente pour tous, <strong>des b\u00e9b\u00e9s aux seniors<\/strong>. <\/p>\n\n\n\n<p class=\"is-style-text-subtitle is-style-text-subtitle--4\">Chaque s\u00e9ance est pens\u00e9e avec <strong>douceur et attention<\/strong>, pour que chacun se sente apais\u00e9 et choy\u00e9.<\/p>\n\n\n\n<p class=\"is-style-text-subtitle is-style-text-subtitle--5\"> Mon objectif est simple : vous aider \u00e0 <strong>vous reconnecter \u00e0 vous-m\u00eame et \u00e0 votre entourage<\/strong>, dans un espace de d\u00e9tente bienveillant. \ud83c\udf3f<\/p>\n<\/div>\n<\/div>\n<\/div>\n\n\n\n<div class=\"wp-block-group alignfull has-global-padding is-layout-constrained wp-block-group-is-layout-constrained\" style=\"margin-top:0;margin-bottom:0;padding-top:var(--wp--preset--spacing--60);padding-bottom:var(--wp--preset--spacing--60)\">\n<div class=\"wp-block-columns alignwide is-layout-flex wp-container-core-columns-is-layout-74b2cda3 wp-block-columns-is-layout-flex\">\n<div class=\"wp-block-column is-layout-flow wp-block-column-is-layout-flow\">\n<div class=\"wp-block-group is-vertical is-content-justification-left is-layout-flex wp-container-core-group-is-layout-7ce391b6 wp-block-group-is-layout-flex\" style=\"min-height:100%\">\n<p>L&rsquo;exp\u00e9rience Serelina<\/p>\n\n\n\n<p>Serelina, c\u2019est avant tout une approche humaine du bien-\u00eatre \ud83d\udc9b<\/p>\n\n\n\n<blockquote class=\"wp-block-quote is-style-plain has-x-large-font-size is-layout-flow wp-container-core-quote-is-layout-5dafc681 wp-block-quote-is-layout-flow is-style-plain--6\" style=\"font-style:normal;font-weight:400\">\n<div class=\"wp-block-group has-global-padding is-content-justification-left is-layout-constrained wp-container-core-group-is-layout-085bd3d9 wp-block-group-is-layout-constrained\" style=\"margin-top:0;margin-bottom:0;padding-top:0;padding-right:0;padding-bottom:0;padding-left:0\"><\/div>\n<\/blockquote>\n<\/div>\n<\/div>\n\n\n\n<div class=\"wp-block-column is-layout-flow wp-block-column-is-layout-flow\" style=\"padding-top:0;padding-right:0;padding-bottom:0;padding-left:0\">\n<figure class=\"wp-block-image size-full is-resized\"><img loading=\"lazy\" decoding=\"async\" width=\"466\" height=\"590\" src=\"https:\/\/serelina.fr\/wp-content\/uploads\/2026\/02\/Capture-decran-2026-02-05-151829.png\" alt=\"\" class=\"wp-image-21\" style=\"aspect-ratio:1;object-fit:cover;width:372px;height:auto\" srcset=\"https:\/\/serelina.fr\/wp-content\/uploads\/2026\/02\/Capture-decran-2026-02-05-151829.png 466w, https:\/\/serelina.fr\/wp-content\/uploads\/2026\/02\/Capture-decran-2026-02-05-151829-237x300.png 237w\" sizes=\"auto, (max-width: 466px) 100vw, 466px\" \/><\/figure>\n<\/div>\n<\/div>\n<\/div>\n","protected":false},"excerpt":{"rendered":"<p>Serelina &#8211; bien-\u00eatre Moments de bien-\u00eatre pour tous \ud83c\udf3fB\u00e9b\u00e9s, enfants, adolescents, adultes et seniors peuvent s\u2019accorder un instant rien que pour eux.Offrez-vous une pause douce et relaxante, avec des caresses apaisantes et des accessoires de d\u00e9tente. Qui suis-je ? \ud83c\udf3f Je m&rsquo;appelle Micha\u00eblla Barcelo et je suis la fondatrice de Serelina. En tant que praticienne [&hellip;]<\/p>\n","protected":false},"author":1,"featured_media":0,"parent":0,"menu_order":0,"comment_status":"closed","ping_status":"closed","template":"","meta":{"footnotes":""},"class_list":["post-8","page","type-page","status-publish","hentry"],"_links":{"self":[{"href":"https:\/\/serelina.fr\/index.php?rest_route=\/wp\/v2\/pages\/8","targetHints":{"allow":["GET"]}}],"collection":[{"href":"https:\/\/serelina.fr\/index.php?rest_route=\/wp\/v2\/pages"}],"about":[{"href":"https:\/\/serelina.fr\/index.php?rest_route=\/wp\/v2\/types\/page"}],"author":[{"embeddable":true,"href":"https:\/\/serelina.fr\/index.php?rest_route=\/wp\/v2\/users\/1"}],"replies":[{"embeddable":true,"href":"https:\/\/serelina.fr\/index.php?rest_route=%2Fwp%2Fv2%2Fcomments&post=8"}],"version-history":[{"count":4,"href":"https:\/\/serelina.fr\/index.php?rest_route=\/wp\/v2\/pages\/8\/revisions"}],"predecessor-version":[{"id":38,"href":"https:\/\/serelina.fr\/index.php?rest_route=\/wp\/v2\/pages\/8\/revisions\/38"}],"wp:attachment":[{"href":"https:\/\/serelina.fr\/index.php?rest_route=%2Fwp%2Fv2%2Fmedia&parent=8"}],"curies":[{"name":"wp","href":"https:\/\/api.w.org\/{rel}","templated":true}]}}