{"id":53,"date":"2026-02-06T17:36:55","date_gmt":"2026-02-06T17:36:55","guid":{"rendered":"https:\/\/serelina.fr\/?page_id=53"},"modified":"2026-02-06T17:36:55","modified_gmt":"2026-02-06T17:36:55","slug":"%f0%9f%8c%b8-a-propos","status":"publish","type":"page","link":"https:\/\/serelina.fr\/?page_id=53","title":{"rendered":"\ud83c\udf38 \u00c0 propos"},"content":{"rendered":"\n<div class=\"wp-block-group alignfull is-layout-flow wp-container-core-group-is-layout-f9cb6abc wp-block-group-is-layout-flow\" style=\"margin-top:0;margin-bottom:0\">\n<div class=\"wp-block-columns alignfull is-not-stacked-on-mobile is-layout-flex wp-container-core-columns-is-layout-e154fb6a wp-block-columns-is-layout-flex\" style=\"margin-top:0;margin-bottom:0;padding-top:var(--wp--preset--spacing--40);padding-right:var(--wp--preset--spacing--40);padding-bottom:var(--wp--preset--spacing--80);padding-left:var(--wp--preset--spacing--40)\">\n<div class=\"wp-block-column is-layout-flow wp-block-column-is-layout-flow\" style=\"flex-basis:66.66%\">\n<div class=\"wp-block-group is-vertical is-content-justification-stretch is-layout-flex wp-container-core-group-is-layout-7e003bba wp-block-group-is-layout-flex\">\n<h2 class=\"wp-block-heading has-xx-large-font-size\"><em>\u00ab La douceur n\u2019est pas un luxe, c\u2019est un besoin. \u00bb<\/em> \ud83c\udf3f<\/h2>\n\n\n\n<p class=\"has-x-large-font-size\">\ud83c\udf3f Qui je suis ? <\/p>\n\n\n\n<p>Je m\u2019appelle Micha\u00eblla Barcelo,<br>et j\u2019ai toujours \u00e9t\u00e9 profond\u00e9ment sensible au bien-\u00eatre, au r\u00e9confort et \u00e0 l\u2019importance des petits gestes du quotidien. <\/p>\n\n\n\n<p>Au fil du temps, j\u2019ai ressenti le besoin de cr\u00e9er un espace o\u00f9 chacun \u2014 b\u00e9b\u00e9, enfant, adolescent, adulte ou s\u00e9niors \u2014 puisse s\u2019offrir un moment de pause, de douceur et de recentrage, dans un cadre bienveillant et respectueux.<\/p>\n\n\n\n<h2 class=\"wp-block-heading\">\ud83d\udc9b Pourquoi Serelina est n\u00e9e<\/h2>\n\n\n\n<p>Serelina est n\u00e9e de cette envie simple :<br><strong>apporter de la douceur l\u00e0 o\u00f9 le rythme de la vie laisse peu de place au calme<\/strong>.<\/p>\n\n\n\n<p>\u00c0 travers des moments de d\u00e9tente, de papouilles et de pr\u00e9sence attentive, je souhaite offrir bien plus qu\u2019une prestation :<br>un instant pour ralentir, respirer, se reconnecter \u00e0 soi et se sentir envelopp\u00e9 de bien-\u00eatre \ud83c\udf38<\/p>\n\n\n\n<p>Chaque s\u00e9ance est pens\u00e9e comme un moment unique, adapt\u00e9 aux besoins, \u00e0 l\u2019\u00e2ge et au rythme de la personne, dans le respect et l\u2019\u00e9coute.<\/p>\n\n\n\n<p><\/p>\n\n\n\n<p class=\"has-x-large-font-size\"><\/p>\n\n\n\n<div style=\"height:0px\" aria-hidden=\"true\" class=\"wp-block-spacer wp-container-content-36c51660\"><\/div>\n<\/div>\n<\/div>\n\n\n\n<div class=\"wp-block-column is-layout-flow wp-block-column-is-layout-flow\" style=\"flex-basis:12vw\"><\/div>\n\n\n\n<div class=\"wp-block-column is-layout-flow wp-block-column-is-layout-flow\">\n<div class=\"wp-block-group is-content-justification-right is-nowrap is-layout-flex wp-container-core-group-is-layout-17124a9a wp-block-group-is-layout-flex\">\n<p class=\"has-text-align-left\" style=\"line-height:0.6;text-transform:uppercase;writing-mode:vertical-rl\">Atelier gratuit<\/p>\n<\/div>\n<\/div>\n<\/div>\n\n\n\n<div class=\"wp-block-columns alignfull is-style-section-2 is-layout-flex wp-container-core-columns-is-layout-d9884270 wp-block-columns-is-layout-flex is-style-section-2--1\" style=\"padding-top:0;padding-bottom:0\">\n<div class=\"wp-block-column is-layout-flow wp-block-column-is-layout-flow\" style=\"flex-basis:50%\">\n<div class=\"wp-block-group is-vertical is-content-justification-stretch is-layout-flex wp-container-core-group-is-layout-098fff0a wp-block-group-is-layout-flex\" style=\"min-height:33vh;padding-top:var(--wp--preset--spacing--50);padding-right:var(--wp--preset--spacing--50);padding-bottom:var(--wp--preset--spacing--50);padding-left:var(--wp--preset--spacing--50)\">\n<h2 class=\"wp-block-heading\">\ud83c\udf37 L\u2019esprit Serelina<\/h2>\n\n\n\n<p>Serelina, c\u2019est :<\/p>\n\n\n\n<ul class=\"wp-block-list\">\n<li>\ud83c\udf3f la douceur avant tout<\/li>\n\n\n\n<li>\ud83e\udd0d l\u2019\u00e9coute et le respect<\/li>\n\n\n\n<li>\u2728 des instants simples, vrais et apaisants<\/li>\n<\/ul>\n\n\n\n<p>Parce que prendre soin de soi (ou de ceux qu\u2019on aime) commence souvent par un petit moment de calme\u2026 et beaucoup de bienveillance.<\/p>\n\n\n\n<div style=\"height:0px\" aria-hidden=\"true\" class=\"wp-block-spacer wp-container-content-6388d5dc\"><\/div>\n<\/div>\n<\/div>\n\n\n\n<div class=\"wp-block-column is-layout-flow wp-block-column-is-layout-flow\" style=\"flex-basis:50%\">\n<div class=\"wp-block-cover is-light\" style=\"min-height:295px;aspect-ratio:unset;\"><img loading=\"lazy\" decoding=\"async\" width=\"1024\" height=\"1024\" class=\"wp-block-cover__image-background wp-image-54 size-full\" alt=\"\" src=\"https:\/\/serelina.fr\/wp-content\/uploads\/2026\/02\/Logo-elegant-de-Serelina.png\" data-object-fit=\"cover\" srcset=\"https:\/\/serelina.fr\/wp-content\/uploads\/2026\/02\/Logo-elegant-de-Serelina.png 1024w, https:\/\/serelina.fr\/wp-content\/uploads\/2026\/02\/Logo-elegant-de-Serelina-300x300.png 300w, https:\/\/serelina.fr\/wp-content\/uploads\/2026\/02\/Logo-elegant-de-Serelina-150x150.png 150w, https:\/\/serelina.fr\/wp-content\/uploads\/2026\/02\/Logo-elegant-de-Serelina-768x768.png 768w\" sizes=\"auto, (max-width: 1024px) 100vw, 1024px\" \/><span aria-hidden=\"true\" class=\"wp-block-cover__background has-background-dim-0 has-background-dim\" style=\"background-color:#d3a5a6\"><\/span><div class=\"wp-block-cover__inner-container is-layout-flow wp-block-cover-is-layout-flow\">\n<div style=\"height:var(--wp--preset--spacing--20)\" aria-hidden=\"true\" class=\"wp-block-spacer\"><\/div>\n<\/div><\/div>\n<\/div>\n<\/div>\n<\/div>\n","protected":false},"excerpt":{"rendered":"<p>\u00ab La douceur n\u2019est pas un luxe, c\u2019est un besoin. \u00bb \ud83c\udf3f \ud83c\udf3f Qui je suis ? Je m\u2019appelle Micha\u00eblla Barcelo,et j\u2019ai toujours \u00e9t\u00e9 profond\u00e9ment sensible au bien-\u00eatre, au r\u00e9confort et \u00e0 l\u2019importance des petits gestes du quotidien. Au fil du temps, j\u2019ai ressenti le besoin de cr\u00e9er un espace o\u00f9 chacun \u2014 b\u00e9b\u00e9, enfant, [&hellip;]<\/p>\n","protected":false},"author":1,"featured_media":0,"parent":0,"menu_order":0,"comment_status":"closed","ping_status":"closed","template":"","meta":{"footnotes":""},"class_list":["post-53","page","type-page","status-publish","hentry"],"_links":{"self":[{"href":"https:\/\/serelina.fr\/index.php?rest_route=\/wp\/v2\/pages\/53","targetHints":{"allow":["GET"]}}],"collection":[{"href":"https:\/\/serelina.fr\/index.php?rest_route=\/wp\/v2\/pages"}],"about":[{"href":"https:\/\/serelina.fr\/index.php?rest_route=\/wp\/v2\/types\/page"}],"author":[{"embeddable":true,"href":"https:\/\/serelina.fr\/index.php?rest_route=\/wp\/v2\/users\/1"}],"replies":[{"embeddable":true,"href":"https:\/\/serelina.fr\/index.php?rest_route=%2Fwp%2Fv2%2Fcomments&post=53"}],"version-history":[{"count":1,"href":"https:\/\/serelina.fr\/index.php?rest_route=\/wp\/v2\/pages\/53\/revisions"}],"predecessor-version":[{"id":55,"href":"https:\/\/serelina.fr\/index.php?rest_route=\/wp\/v2\/pages\/53\/revisions\/55"}],"wp:attachment":[{"href":"https:\/\/serelina.fr\/index.php?rest_route=%2Fwp%2Fv2%2Fmedia&parent=53"}],"curies":[{"name":"wp","href":"https:\/\/api.w.org\/{rel}","templated":true}]}}