{"id":47,"date":"2026-02-06T17:01:24","date_gmt":"2026-02-06T17:01:24","guid":{"rendered":"https:\/\/serelina.fr\/?page_id=47"},"modified":"2026-02-06T17:01:24","modified_gmt":"2026-02-06T17:01:24","slug":"%f0%9f%8c%b8-carte-cadeau-carte-de-fidelite-serelina-%f0%9f%8c%bf","status":"publish","type":"page","link":"https:\/\/serelina.fr\/?page_id=47","title":{"rendered":"\ud83c\udf38 Carte cadeau &amp; Carte de fid\u00e9lit\u00e9    \u2013 Serelina \ud83c\udf3f"},"content":{"rendered":"\n<div class=\"wp-block-group alignfull is-style-section-1 has-global-padding is-layout-constrained wp-container-core-group-is-layout-cdf985e3 wp-block-group-is-layout-constrained is-style-section-1--1\" style=\"min-height:100vh;margin-top:0;margin-bottom:0;padding-top:var(--wp--preset--spacing--80);padding-right:var(--wp--preset--spacing--80);padding-bottom:var(--wp--preset--spacing--80);padding-left:var(--wp--preset--spacing--80)\">\n<div class=\"wp-block-columns alignwide are-vertically-aligned-center is-layout-flex wp-container-core-columns-is-layout-643ced6b wp-block-columns-is-layout-flex\">\n<div class=\"wp-block-column is-vertically-aligned-center is-layout-flow wp-block-column-is-layout-flow\">\n<figure class=\"wp-block-image aligncenter size-full has-custom-border\"><img loading=\"lazy\" decoding=\"async\" width=\"1536\" height=\"1024\" src=\"https:\/\/serelina.fr\/wp-content\/uploads\/2026\/02\/Carte-de-fidelite-Serelina-elegante-1.png\" alt=\"\" class=\"wp-image-50\" style=\"border-top-left-radius:150px;border-bottom-right-radius:150px;object-fit:cover\" srcset=\"https:\/\/serelina.fr\/wp-content\/uploads\/2026\/02\/Carte-de-fidelite-Serelina-elegante-1.png 1536w, https:\/\/serelina.fr\/wp-content\/uploads\/2026\/02\/Carte-de-fidelite-Serelina-elegante-1-300x200.png 300w, https:\/\/serelina.fr\/wp-content\/uploads\/2026\/02\/Carte-de-fidelite-Serelina-elegante-1-1024x683.png 1024w, https:\/\/serelina.fr\/wp-content\/uploads\/2026\/02\/Carte-de-fidelite-Serelina-elegante-1-768x512.png 768w\" sizes=\"auto, (max-width: 1536px) 100vw, 1536px\" \/><\/figure>\n<\/div>\n\n\n\n<div class=\"wp-block-column is-vertically-aligned-center is-layout-flow wp-block-column-is-layout-flow\">\n<div class=\"wp-block-group is-vertical is-content-justification-stretch is-layout-flex wp-container-core-group-is-layout-353c4f5a wp-block-group-is-layout-flex\">\n<h2 class=\"wp-block-heading has-text-align-left\">\ud83c\udf3f Carte de fid\u00e9lit\u00e9<\/h2>\n\n\n\n<p>Parce que chaque moment partag\u00e9 compte \ud83c\udf3f<br>Apr\u00e8s <strong>10 prestations effectu\u00e9es<\/strong>, profitez d\u2019<strong>une prestation offerte<\/strong> parmi une s\u00e9lection.<br>Seules les s\u00e9ances r\u00e9alis\u00e9es sont comptabilis\u00e9es afin de garantir un syst\u00e8me juste et transparent.<\/p>\n<\/div>\n<\/div>\n<\/div>\n<\/div>\n\n\n\n<div class=\"wp-block-columns alignwide are-vertically-aligned-center is-layout-flex wp-container-core-columns-is-layout-643ced6b wp-block-columns-is-layout-flex\">\n<div class=\"wp-block-column is-vertically-aligned-center is-layout-flow wp-block-column-is-layout-flow\">\n<figure class=\"wp-block-image aligncenter size-full has-custom-border\"><img loading=\"lazy\" decoding=\"async\" width=\"988\" height=\"672\" src=\"https:\/\/serelina.fr\/wp-content\/uploads\/2026\/02\/carte-cadeaux-.png\" alt=\"\" class=\"wp-image-49\" style=\"border-top-left-radius:150px;border-bottom-right-radius:150px;object-fit:cover\" srcset=\"https:\/\/serelina.fr\/wp-content\/uploads\/2026\/02\/carte-cadeaux-.png 988w, https:\/\/serelina.fr\/wp-content\/uploads\/2026\/02\/carte-cadeaux--300x204.png 300w, https:\/\/serelina.fr\/wp-content\/uploads\/2026\/02\/carte-cadeaux--768x522.png 768w\" sizes=\"auto, (max-width: 988px) 100vw, 988px\" \/><\/figure>\n<\/div>\n\n\n\n<div class=\"wp-block-column is-vertically-aligned-center is-layout-flow wp-block-column-is-layout-flow\">\n<div class=\"wp-block-group is-vertical is-content-justification-stretch is-layout-flex wp-container-core-group-is-layout-353c4f5a wp-block-group-is-layout-flex\">\n<h2 class=\"wp-block-heading has-text-align-left\">\ud83c\udf81 Carte cadeau<\/h2>\n\n\n\n<p>\ud83c\udf38 <strong>Offrez un moment de douceur \u00e0 un proche<\/strong><\/p>\n\n\n\n<ul class=\"wp-block-list\">\n<li>Choisissez la prestation ou le montant qui convient.<\/li>\n\n\n\n<li>La carte est valable <strong>6 mois<\/strong> \u00e0 partir de la date d\u2019achat.<\/li>\n\n\n\n<li>Parfaite pour un anniversaire, une naissance ou simplement pour faire plaisir \ud83c\udf3c<\/li>\n<\/ul>\n<\/div>\n<\/div>\n<\/div>\n","protected":false},"excerpt":{"rendered":"<p>\ud83c\udf3f Carte de fid\u00e9lit\u00e9 Parce que chaque moment partag\u00e9 compte \ud83c\udf3fApr\u00e8s 10 prestations effectu\u00e9es, profitez d\u2019une prestation offerte parmi une s\u00e9lection.Seules les s\u00e9ances r\u00e9alis\u00e9es sont comptabilis\u00e9es afin de garantir un syst\u00e8me juste et transparent. \ud83c\udf81 Carte cadeau \ud83c\udf38 Offrez un moment de douceur \u00e0 un proche<\/p>\n","protected":false},"author":1,"featured_media":0,"parent":0,"menu_order":0,"comment_status":"closed","ping_status":"closed","template":"","meta":{"footnotes":""},"class_list":["post-47","page","type-page","status-publish","hentry"],"_links":{"self":[{"href":"https:\/\/serelina.fr\/index.php?rest_route=\/wp\/v2\/pages\/47","targetHints":{"allow":["GET"]}}],"collection":[{"href":"https:\/\/serelina.fr\/index.php?rest_route=\/wp\/v2\/pages"}],"about":[{"href":"https:\/\/serelina.fr\/index.php?rest_route=\/wp\/v2\/types\/page"}],"author":[{"embeddable":true,"href":"https:\/\/serelina.fr\/index.php?rest_route=\/wp\/v2\/users\/1"}],"replies":[{"embeddable":true,"href":"https:\/\/serelina.fr\/index.php?rest_route=%2Fwp%2Fv2%2Fcomments&post=47"}],"version-history":[{"count":2,"href":"https:\/\/serelina.fr\/index.php?rest_route=\/wp\/v2\/pages\/47\/revisions"}],"predecessor-version":[{"id":51,"href":"https:\/\/serelina.fr\/index.php?rest_route=\/wp\/v2\/pages\/47\/revisions\/51"}],"wp:attachment":[{"href":"https:\/\/serelina.fr\/index.php?rest_route=%2Fwp%2Fv2%2Fmedia&parent=47"}],"curies":[{"name":"wp","href":"https:\/\/api.w.org\/{rel}","templated":true}]}}