{"id":3,"date":"2026-02-04T19:51:41","date_gmt":"2026-02-04T19:51:41","guid":{"rendered":"http:\/\/serelina.fr\/?page_id=3"},"modified":"2026-02-23T18:40:17","modified_gmt":"2026-02-23T18:40:17","slug":"privacy-policy","status":"publish","type":"page","link":"https:\/\/serelina.fr\/?page_id=3","title":{"rendered":"Mentions l\u00e9gales"},"content":{"rendered":"\n<p><strong>\u00c9diteur du site :<\/strong><br>Serelina<br>SIRET : 89815759900025<br>Adresse du si\u00e8ge : <br>E-mail : <a>contact@serelina.fr<\/a><br>T\u00e9l\u00e9phone : 07-84-97-69-89<\/p>\n\n\n\n<p><strong>Responsable de publication :<\/strong><br>Micha\u00eblla Barcelo <\/p>\n\n\n\n<p><strong>H\u00e9bergeur du site :<\/strong><br>Nom :  OVH SAS<br>Adresse : 2 rue Kellermann, 59100 Roubaix, France<br>T\u00e9l\u00e9phone : 1007<br>Site web : <a href=\"https:\/\/www.ovh.com\">https:\/\/www.ovh.com<\/a><\/p>\n\n\n\n<p><strong>Propri\u00e9t\u00e9 intellectuelle :<\/strong><br>Tout le contenu du site (textes, images, vid\u00e9os, logos) est la propri\u00e9t\u00e9 exclusive de Serelina ou de ses partenaires. Toute reproduction, m\u00eame partielle, est interdite sans autorisation.<\/p>\n\n\n\n<p><strong>Responsabilit\u00e9 :<\/strong><br>Serelina met tout en \u0153uvre pour fournir des informations fiables. Cependant, nous ne pouvons garantir l\u2019exactitude, l\u2019exhaustivit\u00e9 ou l\u2019actualit\u00e9 des informations publi\u00e9es sur le site.<\/p>\n\n\n\n<p><\/p>\n\n\n\n<p><\/p>\n\n\n\n<h2 class=\"wp-block-heading\">Politique de confidentialit\u00e9<\/h2>\n\n\n\n<h2 class=\"wp-block-heading\">Qui sommes-nous ? <\/h2>\n\n\n\n<p>Notre site web est accessible \u00e0 l&rsquo;adresse: https:\/\/serelina.fr.<\/p>\n\n\n\n<h2 class=\"wp-block-heading\">Donn\u00e9es collect\u00e9es<\/h2>\n\n\n\n<p>Nous collectons uniquement les informations n\u00e9cessaires \u00e0 la gestion de votre prestation, telles que :<\/p>\n\n\n\n<ul class=\"wp-block-list\">\n<li>Nom et pr\u00e9nom<\/li>\n\n\n\n<li>Adresse e-mail et t\u00e9l\u00e9phone<\/li>\n\n\n\n<li>D\u00e9tails li\u00e9s \u00e0 la prestation r\u00e9serv\u00e9e<\/li>\n<\/ul>\n\n\n\n<p>Ces informations sont utilis\u00e9es <strong>uniquement pour g\u00e9rer votre r\u00e9servation et vous fournir nos services<\/strong>.<\/p>\n\n\n\n<h2 class=\"wp-block-heading\">Cookies<\/h2>\n\n\n\n<p>Nous n\u2019utilisons que les cookies n\u00e9cessaires au bon fonctionnement du site (ex : cookies de session). Aucun cookie publicitaire ou de suivi n\u2019est utilis\u00e9. <\/p>\n\n\n\n<h2 class=\"wp-block-heading\">Dur\u00e9e de conservation des donn\u00e9es<\/h2>\n\n\n\n<p>Vos informations personnelles sont conserv\u00e9es <strong>le temps n\u00e9cessaire \u00e0 la gestion de votre prestation<\/strong>, puis supprim\u00e9e<\/p>\n\n\n\n<h2 class=\"wp-block-heading\">Vos droits<\/h2>\n\n\n\n<p>Vous avez le droit de :<\/p>\n\n\n\n<ul class=\"wp-block-list\">\n<li>Demander l\u2019acc\u00e8s \u00e0 vos donn\u00e9es personnelles<\/li>\n\n\n\n<li>Demander la correction ou la suppression de vos donn\u00e9es<\/li>\n<\/ul>\n\n\n\n<p>Pour exercer vos droits, contactez nous \u00e0 : <strong><a>contact@serelina.fr<\/a><\/strong><\/p>\n\n\n\n<p><\/p>\n","protected":false},"excerpt":{"rendered":"<p>\u00c9diteur du site :SerelinaSIRET : 89815759900025Adresse du si\u00e8ge : E-mail : contact@serelina.frT\u00e9l\u00e9phone : 07-84-97-69-89 Responsable de publication :Micha\u00eblla Barcelo H\u00e9bergeur du site :Nom : OVH SASAdresse : 2 rue Kellermann, 59100 Roubaix, FranceT\u00e9l\u00e9phone : 1007Site web : https:\/\/www.ovh.com Propri\u00e9t\u00e9 intellectuelle :Tout le contenu du site (textes, images, vid\u00e9os, logos) est la propri\u00e9t\u00e9 exclusive de Serelina [&hellip;]<\/p>\n","protected":false},"author":1,"featured_media":0,"parent":0,"menu_order":0,"comment_status":"closed","ping_status":"open","template":"","meta":{"footnotes":""},"class_list":["post-3","page","type-page","status-publish","hentry"],"_links":{"self":[{"href":"https:\/\/serelina.fr\/index.php?rest_route=\/wp\/v2\/pages\/3","targetHints":{"allow":["GET"]}}],"collection":[{"href":"https:\/\/serelina.fr\/index.php?rest_route=\/wp\/v2\/pages"}],"about":[{"href":"https:\/\/serelina.fr\/index.php?rest_route=\/wp\/v2\/types\/page"}],"author":[{"embeddable":true,"href":"https:\/\/serelina.fr\/index.php?rest_route=\/wp\/v2\/users\/1"}],"replies":[{"embeddable":true,"href":"https:\/\/serelina.fr\/index.php?rest_route=%2Fwp%2Fv2%2Fcomments&post=3"}],"version-history":[{"count":3,"href":"https:\/\/serelina.fr\/index.php?rest_route=\/wp\/v2\/pages\/3\/revisions"}],"predecessor-version":[{"id":64,"href":"https:\/\/serelina.fr\/index.php?rest_route=\/wp\/v2\/pages\/3\/revisions\/64"}],"wp:attachment":[{"href":"https:\/\/serelina.fr\/index.php?rest_route=%2Fwp%2Fv2%2Fmedia&parent=3"}],"curies":[{"name":"wp","href":"https:\/\/api.w.org\/{rel}","templated":true}]}}