{"id":23,"date":"2026-02-05T17:35:05","date_gmt":"2026-02-05T17:35:05","guid":{"rendered":"http:\/\/serelina.fr\/?page_id=23"},"modified":"2026-03-17T08:57:05","modified_gmt":"2026-03-17T08:57:05","slug":"prestations","status":"publish","type":"page","link":"https:\/\/serelina.fr\/?page_id=23","title":{"rendered":"Prestations"},"content":{"rendered":"\n<div class=\"wp-block-group alignfull has-global-padding is-layout-constrained wp-block-group-is-layout-constrained\" style=\"margin-top:0;margin-bottom:0;padding-top:var(--wp--preset--spacing--50);padding-bottom:var(--wp--preset--spacing--50)\">\n<div class=\"wp-block-columns alignwide is-layout-flex wp-container-core-columns-is-layout-47c06fe3 wp-block-columns-is-layout-flex\">\n<div class=\"wp-block-column is-vertically-aligned-center is-layout-flow wp-container-core-column-is-layout-119bc444 wp-block-column-is-layout-flow\">\n<h2 class=\"wp-block-heading\">Bienvenue sur la page <strong>Prestations<\/strong> de Serelina \ud83c\udf3f<\/h2>\n\n\n\n<p>Ici, chaque moment est pens\u00e9 pour vous offrir <strong>d\u00e9tente, calme et s\u00e9r\u00e9nit\u00e9<\/strong>, quel que soit votre \u00e2ge.<br>Que vous soyez b\u00e9b\u00e9, enfant, adolescent, adulte ou senior, vous trouverez une prestation adapt\u00e9e \u00e0 vos besoins \ud83d\udc9b<\/p>\n<\/div>\n<\/div>\n<\/div>\n\n\n\n<div class=\"wp-block-group alignfull has-global-padding is-layout-constrained wp-block-group-is-layout-constrained\" style=\"margin-top:0;margin-bottom:0;padding-top:var(--wp--preset--spacing--50);padding-bottom:var(--wp--preset--spacing--50)\">\n<div class=\"wp-block-columns alignwide is-layout-flex wp-container-core-columns-is-layout-47c06fe3 wp-block-columns-is-layout-flex\">\n<div class=\"wp-block-column is-vertically-aligned-center is-layout-flow wp-container-core-column-is-layout-119bc444 wp-block-column-is-layout-flow\">\n<h2 class=\"wp-block-heading\">\ud83c\udf3f Nos moments de douceur avec Serelina \ud83c\udf38<\/h2>\n\n\n\n<p>\ud83d\udc86\u200d\u2640\ufe0f <strong><mark style=\"background-color:rgba(0, 0, 0, 0)\" class=\"has-inline-color has-custom-color-2-color\">Papouilles (tout \u00e2ge)<\/mark><br><\/strong>Un instant de calme et de d\u00e9tente, pens\u00e9 pour rel\u00e2cher les tensions et offrir un moment de bien-\u00eatre complet.<\/p>\n\n\n\n<p>\ud83d\udd52 25 min pour b\u00e9b\u00e9s\/enfants<\/p>\n\n\n\n<p>\ud83d\udd52 45 min pour ados, adultes, s\u00e9niors<\/p>\n\n\n\n<p>\ud83e\udd1d <strong><mark style=\"background-color:rgba(0, 0, 0, 0)\" class=\"has-inline-color has-custom-color-2-color\">Duo parent\/enfant ou enfant\/enfant<\/mark><\/strong><br>Partager un moment de bien-\u00eatre ensemble, cr\u00e9er des souvenirs et renforcer le lien dans la douceur.<\/p>\n\n\n\n<p>\ud83d\udd52 30 min pour tout \u00e2ge (parent\/enfant, enfant\/enfant, adultes\/adultes, s\u00e9niors)<\/p>\n\n\n\n<p>\ud83c\udf89 <strong><mark style=\"background-color:rgba(0, 0, 0, 0)\" class=\"has-inline-color has-custom-color-2-color\">Anniversaire<\/mark><\/strong><br>Une pause sensorielle personnalis\u00e9e pour chaque enfant, pour un moment de d\u00e9tente et de plaisir partag\u00e9.<\/p>\n\n\n\n<p>\ud83d\udd52 5 min par enfants \u2013 20 minutes moment sensoriel<\/p>\n\n\n\n<p>\u2728<mark style=\"background-color:rgba(0, 0, 0, 0)\" class=\"has-inline-color has-custom-color-2-color\"><strong>Rituel zen express<\/strong><\/mark><br>Quelques minutes pour respirer, rel\u00e2cher la tension et se reconnecter \u00e0 soi-m\u00eame, m\u00eame dans les journ\u00e9es charg\u00e9es.<\/p>\n\n\n\n<p>\ud83d\udd52 20 min pour ados\/adultes\/seniors<\/p>\n<\/div>\n<\/div>\n<\/div>\n","protected":false},"excerpt":{"rendered":"<p>Bienvenue sur la page Prestations de Serelina \ud83c\udf3f Ici, chaque moment est pens\u00e9 pour vous offrir d\u00e9tente, calme et s\u00e9r\u00e9nit\u00e9, quel que soit votre \u00e2ge.Que vous soyez b\u00e9b\u00e9, enfant, adolescent, adulte ou senior, vous trouverez une prestation adapt\u00e9e \u00e0 vos besoins \ud83d\udc9b \ud83c\udf3f Nos moments de douceur avec Serelina \ud83c\udf38 \ud83d\udc86\u200d\u2640\ufe0f Papouilles (tout \u00e2ge)Un instant [&hellip;]<\/p>\n","protected":false},"author":1,"featured_media":0,"parent":0,"menu_order":0,"comment_status":"closed","ping_status":"closed","template":"","meta":{"footnotes":""},"class_list":["post-23","page","type-page","status-publish","hentry"],"_links":{"self":[{"href":"https:\/\/serelina.fr\/index.php?rest_route=\/wp\/v2\/pages\/23","targetHints":{"allow":["GET"]}}],"collection":[{"href":"https:\/\/serelina.fr\/index.php?rest_route=\/wp\/v2\/pages"}],"about":[{"href":"https:\/\/serelina.fr\/index.php?rest_route=\/wp\/v2\/types\/page"}],"author":[{"embeddable":true,"href":"https:\/\/serelina.fr\/index.php?rest_route=\/wp\/v2\/users\/1"}],"replies":[{"embeddable":true,"href":"https:\/\/serelina.fr\/index.php?rest_route=%2Fwp%2Fv2%2Fcomments&post=23"}],"version-history":[{"count":4,"href":"https:\/\/serelina.fr\/index.php?rest_route=\/wp\/v2\/pages\/23\/revisions"}],"predecessor-version":[{"id":67,"href":"https:\/\/serelina.fr\/index.php?rest_route=\/wp\/v2\/pages\/23\/revisions\/67"}],"wp:attachment":[{"href":"https:\/\/serelina.fr\/index.php?rest_route=%2Fwp%2Fv2%2Fmedia&parent=23"}],"curies":[{"name":"wp","href":"https:\/\/api.w.org\/{rel}","templated":true}]}}