{"id":2,"date":"2026-02-04T19:51:41","date_gmt":"2026-02-04T19:51:41","guid":{"rendered":"http:\/\/serelina.fr\/?page_id=2"},"modified":"2026-03-17T08:58:58","modified_gmt":"2026-03-17T08:58:58","slug":"sample-page","status":"publish","type":"page","link":"https:\/\/serelina.fr\/?page_id=2","title":{"rendered":"R\u00e9server un moment de douceur"},"content":{"rendered":"\n<p>\ud83c\udf3fChaque s\u00e9ance est un temps pour ralentir, se recentrer et se sentir apais\u00e9.<br>Je vous accompagne avec douceur, \u00e0 domicile, pour un moment adapt\u00e9 \u00e0 vos besoins.<\/p>\n\n\n\n<blockquote class=\"wp-block-quote is-layout-flow wp-block-quote-is-layout-flow\">\n<p><strong>Comment \u00e7a se passe ?<\/strong><br>\u2728 Vous choisissez la prestation qui vous fait envie<br>\ud83d\udcac Vous cliquez sur le bouton \u00ab\u00a0R\u00e9server\u00a0\u00bb <br>\ud83c\udf38 Une fois sur Linktree, vous choisissez votre m\u00e9thode de r\u00e9servation<br>\u2705Je vous confirme le rendez-vous ou, si n\u00e9cessaire, je propose un autre cr\u00e9neau <\/p>\n<\/blockquote>\n\n\n\n<p>\u2728 Les prestations r\u00e9servables :<\/p>\n\n\n\n<blockquote class=\"wp-block-quote is-layout-flow wp-block-quote-is-layout-flow\">\n<p>\ud83d\udc86\u200d\u2640\ufe0f Papouilles (tout \u00e2ge)<br>25 min (b\u00e9b\u00e9s\/enfants) 45 min (ados, adultes, s\u00e9niors) \u2192 40 \u20ac<br>\ud83e\udd1d Duo parent\/enfant ou enfant\/enfant : 30 min \u2192 40 \u20ac<br>\ud83c\udf89 Anniversaire : 5 min par enfant + moment sensoriel \u2192 15 \u20ac\/enfant<br>\u2728 Rituel zen express : 20 min \u2192 25 \u20ac<\/p>\n<\/blockquote>\n\n\n\n<h2 class=\"wp-block-heading\">\ud83d\udd4a\ufe0f Horaires et lieux disponibles<\/h2>\n\n\n\n<ul class=\"wp-block-list\">\n<li><strong>Mardi<\/strong> : Cholet et alentours<\/li>\n\n\n\n<li><strong>Jeudi<\/strong> et vendredi : Beaupr\u00e9au-en-Mauges et alentours<\/li>\n\n\n\n<li><strong>Dimanche<\/strong> : \u00e0 la demande<\/li>\n<\/ul>\n\n\n\n<blockquote class=\"wp-block-quote is-layout-flow wp-block-quote-is-layout-flow\">\n<p><em>Les s\u00e9ances se d\u00e9roulent g\u00e9n\u00e9ralement <strong>dans ces cr\u00e9neaux<\/strong>, mais si aucun ne vous convient, n\u2019h\u00e9sitez pas \u00e0 me contacter \ud83c\udf3f<br>Nous trouverons ensemble un moment adapt\u00e9 \u00e0 vos besoins.<\/em><\/p>\n<\/blockquote>\n\n\n\n<p>Pour certaines prestations, un acompte de <strong>20 %<\/strong> pourra \u00eatre demand\u00e9 afin de confirmer le rendez-vous.<br>Le solde sera \u00e0 r\u00e9gler le jour de la s\u00e9ance.<\/p>\n\n\n\n<div class=\"wp-block-buttons is-layout-flex wp-block-buttons-is-layout-flex\">\n<div class=\"wp-block-button\"><a class=\"wp-block-button__link wp-element-button\" href=\"https:\/\/linktr.ee\/Serelina_bienetre\">R\u00e9server un moment de douceur<\/a><\/div>\n<\/div>\n\n\n\n<p>\ud83c\udf3f\u00c0 tr\u00e8s vite pour un moment de d\u00e9tente rien que pour vous\u2026<\/p>\n","protected":false},"excerpt":{"rendered":"<p>\ud83c\udf3fChaque s\u00e9ance est un temps pour ralentir, se recentrer et se sentir apais\u00e9.Je vous accompagne avec douceur, \u00e0 domicile, pour un moment adapt\u00e9 \u00e0 vos besoins. Comment \u00e7a se passe ?\u2728 Vous choisissez la prestation qui vous fait envie\ud83d\udcac Vous cliquez sur le bouton \u00ab\u00a0R\u00e9server\u00a0\u00bb \ud83c\udf38 Une fois sur Linktree, vous choisissez votre m\u00e9thode de [&hellip;]<\/p>\n","protected":false},"author":1,"featured_media":0,"parent":0,"menu_order":0,"comment_status":"closed","ping_status":"open","template":"","meta":{"footnotes":""},"class_list":["post-2","page","type-page","status-publish","hentry"],"_links":{"self":[{"href":"https:\/\/serelina.fr\/index.php?rest_route=\/wp\/v2\/pages\/2","targetHints":{"allow":["GET"]}}],"collection":[{"href":"https:\/\/serelina.fr\/index.php?rest_route=\/wp\/v2\/pages"}],"about":[{"href":"https:\/\/serelina.fr\/index.php?rest_route=\/wp\/v2\/types\/page"}],"author":[{"embeddable":true,"href":"https:\/\/serelina.fr\/index.php?rest_route=\/wp\/v2\/users\/1"}],"replies":[{"embeddable":true,"href":"https:\/\/serelina.fr\/index.php?rest_route=%2Fwp%2Fv2%2Fcomments&post=2"}],"version-history":[{"count":3,"href":"https:\/\/serelina.fr\/index.php?rest_route=\/wp\/v2\/pages\/2\/revisions"}],"predecessor-version":[{"id":69,"href":"https:\/\/serelina.fr\/index.php?rest_route=\/wp\/v2\/pages\/2\/revisions\/69"}],"wp:attachment":[{"href":"https:\/\/serelina.fr\/index.php?rest_route=%2Fwp%2Fv2%2Fmedia&parent=2"}],"curies":[{"name":"wp","href":"https:\/\/api.w.org\/{rel}","templated":true}]}}